{"id":70042,"date":"2022-05-17T09:08:08","date_gmt":"2022-05-17T08:08:08","guid":{"rendered":"https:\/\/testimport-yoga40plus.homepage-ladezeiten-optimieren.de\/terms-and-conditions-yoga40plus-com\/"},"modified":"2022-05-17T09:35:43","modified_gmt":"2022-05-17T08:35:43","slug":"allgemeine-geschaeftsbedingungen-yoga40plus-com","status":"publish","type":"page","link":"https:\/\/testimport-yoga40plus.homepage-ladezeiten-optimieren.de\/de\/allgemeine-geschaeftsbedingungen-yoga40plus-com\/","title":{"rendered":"Allgemeine Gesch\u00e4ftsbedingungen yoga40plus.com"},"content":{"rendered":"<p>[et_pb_section fb_built=&#8220;1&#8243; _builder_version=&#8220;4.17.3&#8243; _module_preset=&#8220;default&#8220; global_colors_info=&#8220;{}&#8220;][et_pb_row _builder_version=&#8220;4.17.3&#8243; _module_preset=&#8220;default&#8220; global_colors_info=&#8220;{}&#8220;][et_pb_column type=&#8220;4_4&#8243; _builder_version=&#8220;4.17.3&#8243; _module_preset=&#8220;default&#8220; global_colors_info=&#8220;{}&#8220;][et_pb_text _builder_version=&#8220;4.17.3&#8243; _module_preset=&#8220;default&#8220; hover_enabled=&#8220;0&#8243; global_colors_info=&#8220;{}&#8220; sticky_enabled=&#8220;0&#8243;]<\/p>\n<h1>YOGA KURSE UND YOGA RETREATS<\/h1>\n<p>Allgemeine Gesch\u00e4ftsbedingungen von yoga40plus.com<\/p>\n<p><strong>Yoga 40 Plus<\/strong><\/p>\n<p>Ljudmila Miliza Ceh<br \/>\nHornstrasse 3c<br \/>\n8272 Ermatingen<br \/>\nSchweiz<\/p>\n<p>info@testimport-yoga40plus.homepage-ladezeiten-optimieren.de<\/p>\n<p>+41 767 490 686<\/p>\n<p>&nbsp;<\/p>\n<h2>HANDELSREGISTEREINTRAG<\/h2>\n<p>Eingetragener Name: Ljudmila Ceh<br \/>\nNummer: CHE-347.632.516<br \/>\nHandelsregisteramt: Kanton Thurgau, Schweiz<\/p>\n<p>&nbsp;<\/p>\n<h2>Geltung der Allgemeinen Gesch\u00e4ftsbedingungen<\/h2>\n<p>YOGA 40 PLUS (nachfolgend Yoga 40 PLUS) bietet auf yoga40plus.com und https:\/\/paths-to-yoga.mn.co  Dienstleistungen im Bereich Yoga in Einzel- und Gruppenformaten an. Dabei handelt es sich um Online-Kurse, Workshops, Ausbildungen, Yoga-Ferien\/Retreats, Community Events usw.<\/p>\n<p>Diese vorliegenden Allgemeinen Gesch\u00e4ftsbedingungen (nachfolgend AGB) regeln die Rechtsbeziehung zwischen Yoga 40 Plus, den Lesern und Nutzern der Website oder sozialer Netzwerke sowie den TeilnehmerInnen der Kurse und Retreats.<\/p>\n<p>Die AGB sind anwendbar f\u00fcr den Bezug jeglicher Dienstleistungen der TeilnehmerInnen, die auf irgendeine Weise (per Telefon, Email, Internet, Mobile, vor Ort usw.), in Gruppen- oder als Einzelunterricht, von Yoga 40 Plus bezogen werden. <\/p>\n<p>Vorliegende AGB\u2018s gelten vollumf\u00e4nglich und erg\u00e4nzend\/abweichend auch f\u00fcr Ausland-Kurse oder Yogaferien\/Retreats ausserhalb der Schweiz.<\/p>\n<p>Diese AGB liegen in verschiedenen Sprachversionen vor. Im Falle von Widerspr\u00fcchen gilt ausschliesslich die deutsche Sprachfassung.<\/p>\n<p>&nbsp;<\/p>\n<h3>1.1 Entstehung des Vertragsverh\u00e4ltnisses<\/h3>\n<p>Mit dem Besuch der Website oder der Nutzung der kostenlosen oder kostenpflichtigen Leistungen von Yoga 40 Plus werden diese AGB von der\/dem TeilnehmerIn vollumf\u00e4nglich akzeptiert und zu einem integrierenden Bestandteil der Rechtsbeziehung zwischen der\/dem TeilnehmerIn und Yoga 40 Plus. Es entsteht dadurch ein Vertrag zwischen Yoga 40 Plus und der\/dem TeilnehmerIn.<\/p>\n<p>&nbsp;<\/p>\n<h3>1.2 Beendigung des Vertragsverh\u00e4ltnisses<\/h3>\n<p>Bei Ende einer bezahlten Periode erl\u00f6scht der Vertrag automatisch. Die\/der TeilnehmerIn kann den Vertrag aufl\u00f6sen, indem er\/sie sein\/ihr Konto l\u00f6scht oder die Gesch\u00e4ftsbeziehung beendet, vorbehaltlich allf\u00e4lliger K\u00fcndigungsfristen bei Yoga Retreats. <\/p>\n<p>Yoga 40 Plus beh\u00e4lt sich ihrerseits vor, den Vertrag jederzeit ohne Angabe von Gr\u00fcnden durch Sperrung oder L\u00f6schung des Kontos des Nutzers oder Einstellung der Gesch\u00e4ftsbeziehung zu beenden, wenn dies angemessen erscheint, insbesondere im Falle von widerrechtlichem oder ungeb\u00fchrlichem Verhalten oder bei Angabe von falschen Informationen. Yoga 40 Plus ist zudem jederzeit berechtigt, eine Leistung oder das gesamte Angebot entsch\u00e4digungslos einzustellen oder abzu\u00e4ndern.<\/p>\n<p>&nbsp;<\/p>\n<h3>2 Teilnahmef\u00e4higkeit und Eigenverantwortung<\/h3>\n<p>Psychische oder k\u00f6rperliche Einschr\u00e4nkungen, aber auch eine bestehende Schwangerschaft sind der Kursleitung sp\u00e4testens zu Beginn des Kurses zu melden. Sollte im Laufe des Kurses eine gesundheitliche Einschr\u00e4nkung oder eine Schwangerschaft eintreten, ist die Kursleitung umgehend zu informieren.<\/p>\n<p>Jede(r) TeilnehmerIn nimmt an den Kursen eigenverantwortlich teil, sodass es auch im Ermessen des\/der jeweiligen TeilnehmerIn liegt, sich vor Teilnahme an den Kursen \u00e4rztlichen Rat einzuholen.<\/p>\n<p>&nbsp;<\/p>\n<h3>3 Haftung <\/h3>\n<p>Die auf der Website yoga40plus.com zug\u00e4nglichen Informationen \u00fcber Gesundheit ersetzen in keinem Fall eine Beratung durch eine kompetente Fachperson wie einen Arzt.<\/p>\n<p>Yoga 40 Plus \u00fcbernimmt die Haftung f\u00fcr die ordnungsgem\u00e4sse Durchf\u00fchrung der Kurse im Rahmen der gesetzlichen Gew\u00e4hrleistungsbestimmungen. Eine dar\u00fcberhinausgehende Haftung insbesondere in Form von Schadenersatz wird ausdr\u00fccklich ausgeschlossen.<\/p>\n<p>&nbsp;<\/p>\n<h3>4 Erstellung eines Kontos <\/h3>\n<p>NutzerInnen k\u00f6nnen auf der Website yoga40plus.com oder auf https:\/\/paths-to-yoga.mn.co\/<br \/>\nein Konto als Privatperson erstellen. Der\/die NutzerIn verpflichtet sich, die zur Registrierung notwendigen Daten wahrheitsgetreu anzugeben sowie aktuell zu halten.<br \/>\nDie Verwendung der pers\u00f6nlichen Angaben des Nutzers richten sich nach den Datenschutzbestimmungen.<\/p>\n<p>Die NutzerInnen k\u00f6nnen Inhalte auf der Website oder in sozialen Netzwerken lesen, den Newsletter abonnieren, kostenlose Dienste oder Inhalte erhalten, Produkte oder kostenpflichtige Dienste kaufen.<\/p>\n<p>Wenn ein(e) NutzerIn eine Rezension ver\u00f6ffentlicht, autorisiert er\/sie Yoga 40 Plus stillschweigend, die zur Verf\u00fcgung gestellten Inhalte, Fotos und Videos auf der Website oder zu Werbezwecken zu verwenden.<\/p>\n<p>&nbsp;<\/p>\n<h3>5 Angebotene Leistungen und Durchf\u00fchrung<\/h3>\n<p>Der Umfang jeder Dienstleistung (Inhalt, Modalit\u00e4t der Kurse, Dauer) sowie die entsprechenden Kosten werden auf der Verkaufsseite jeder Dienstleistung auf  yoga40plus.com beschrieben.<\/p>\n<p>Yoga 40 Plus ist bestrebt, die Dienstleistung so genau wie m\u00f6glich zu beschreiben.<\/p>\n<p>Die Kurse finden an allgemeinen in der Schweiz, Kanton Thurgau, g\u00fcltigen Feier- und Br\u00fcckentagen nicht statt.<\/p>\n<p>Yoga 40 Plus beh\u00e4lt sich das Recht vor, bei Krankheit oder Unvorhersehbarem Yogastunden \u2013 auch kurzfristig \u2013 abzusagen oder sich von einer entsprechend qualifizierten Person vertreten zu lassen. Die TeilnehmerInnen werden schnellstm\u00f6glich per E-Mail oder per Telefon \u00fcber einen Ausfall informiert mit Ausnahme von nicht vorhersehbaren Ausf\u00e4llen. Bei Kursausfall k\u00f6nnen die Abos dementsprechend verl\u00e4ngert werden.<\/p>\n<p>Sollte auf der Verkaufsseite ein Fehler auftreten, beh\u00e4lt sich Yoga 40 Plus das Recht vor, jegliche Bestellung abzulehnen oder zu stornieren.<\/p>\n<p>&nbsp;<\/p>\n<h3>6 Preise und Zahlungskonditionen<\/h3>\n<p>Der Preis f\u00fcr jede Dienstleistung ist auf der Verkaufsseite der jeweiligen Dienstleistung angegeben.<\/p>\n<p>Die Zahlungen k\u00f6nnen per Bank\u00fcberweisung, Paypal oder Kreditkarte erfolgen und k\u00f6nnen nach schriftlicher Vereinbarung zwischen dem Kunden und Yoga 40 Plus gestaffelt werden.<\/p>\n<p>Die Zahlung ist im Voraus f\u00e4llig, vor Beginn des Kurses oder der Retreat.<\/p>\n<p>Die monatlichen Yoga-Abos verfallen nach ihrem G\u00fcltigkeitsdatum, sind pers\u00f6nlich und nicht \u00fcbertragbar. Die Yoga-Abos sind ab Kaufdatum g\u00fcltig.<\/p>\n<p>Bezahlte Kursgelder f\u00fcr Abos werden nicht r\u00fcckerstattet. Monats-Abos k\u00f6nnen wegen Ferien oder bei Abwesenheiten aus beruflichen Gr\u00fcnden, die zusammenh\u00e4ngend l\u00e4nger als zwei (2) Wochen dauern, um die jeweils ausgeschriebene Dauer pausiert werden, wenn diese Fehlzeit im Vorhinein schriftlich mitgeteilt wird. Nachtr\u00e4gliche Pausierungen sind nicht m\u00f6glich. Im Krankheitsfall, bei Unfall oder Schwangerschaft kann gegen Vorweisen eines Arztzeugnisses die Laufzeit aller Abos entsprechend pausiert werden.<\/p>\n<p>Es besteht kein Anspruch auf R\u00fcckerstattung.<\/p>\n<p>&nbsp;<\/p>\n<h3>7 Urheberrecht<\/h3>\n<p>Alle Seiten auf yoga40plus.com geniessen urheberrechtlichen Schutz. Nachahmungen jeder Art stellen einen Verstoss gegen das Urheberrecht dar, werden strafrechtlich verfolgt und verpflichten zum Schadenersatz.<\/p>\n<p>&nbsp;<\/p>\n<h3>8 Erg\u00e4nzende Bestimmungen<\/h3>\n<p>Yoga 40 Plus kann die vorliegenden AGB jederzeit \u00e4ndern. Die ge\u00e4nderten AGB gelten ab ihrer Publikation auf der Webseite yoga40plus.com. Registrierten Nutzern wird die \u00c4nderung per E-Mail oder sonstiger angemessener Form mitgeteilt.<\/p>\n<p>Sollte eine Bestimmung dieser AGB unwirksam oder nichtig sein oder werden, wird dadurch die G\u00fcltigkeit der \u00fcbrigen Bestimmungen nicht ber\u00fchrt.<\/p>\n<p>&nbsp;<\/p>\n<h3>9 Anwendbares Recht und Gerichtsstand<\/h3>\n<p>Diese AGB unterliegen materiellem Schweizer Recht.<\/p>\n<p>Ausschliesslicher Gerichtsstand f\u00fcr s\u00e4mtliche Streitigkeiten aus oder im Zusammenhang mit diesen AGB sowie der darunterfallenden Rechtsverh\u00e4ltnisse ist der Kanton Thurgau.<\/p>\n<p>Alle Streitigkeiten, Differenzen oder Anspr\u00fcche, die sich aus dem Vertragsverh\u00e4ltnis mit Yoga 40 Plus ergeben (einschlie\u00dflich der G\u00fcltigkeit, Nichtigkeit, m\u00f6glicher Verst\u00f6sse gegen den Vertrag oder diese AGB oder deren Beendigung), werden gem\u00e4ss der Schweizerischen Mediationsordnung der Swiss Chambers\u2018 Arbitration Institution, die zum Zeitpunkt der Einreichung des Schlichtungsantrags in Kraft ist, gem\u00e4ss dieser Ordnung zur Schlichtung vorgelegt. Sofern nicht anders vereinbart, tr\u00e4gt jede Partei die H\u00e4lfte der Kosten des vorangehenden Mediationsverfahrens. Der Sitz der Mediation ist der Kanton Thurgau und die Mediation wird in deutscher Sprache abgehalten.<\/p>\n<p>&nbsp;<\/p>\n<p>Mai 2022[\/et_pb_text][\/et_pb_column][\/et_pb_row][\/et_pb_section]<\/p>\n","protected":false},"excerpt":{"rendered":"<p>YOGA KURSE UND YOGA RETREATS Allgemeine Gesch\u00e4ftsbedingungen von yoga40plus.com Yoga 40 Plus Ljudmila Miliza Ceh Hornstrasse 3c 8272 Ermatingen Schweiz info@testimport-yoga40plus.homepage-ladezeiten-optimieren.de +41 767 490 686 &nbsp; HANDELSREGISTEREINTRAG Eingetragener Name: Ljudmila Ceh Nummer: CHE-347.632.516 Handelsregisteramt: Kanton Thurgau, Schweiz &nbsp; Geltung der Allgemeinen Gesch\u00e4ftsbedingungen YOGA 40 PLUS (nachfolgend Yoga 40 PLUS) bietet auf yoga40plus.com und https:\/\/paths-to-yoga.mn.co Dienstleistungen [&hellip;]<\/p>\n","protected":false},"author":84,"featured_media":0,"parent":0,"menu_order":0,"comment_status":"closed","ping_status":"closed","template":"","meta":{"_et_pb_use_builder":"on","_et_pb_old_content":"","_et_gb_content_width":""},"yoast_head":"<!-- This site is optimized with the Yoast SEO plugin v19.14 - https:\/\/yoast.com\/wordpress\/plugins\/seo\/ -->\n<title>Allgemeine Gesch\u00e4ftsbedingungen yoga40plus.com - yoga40plus.com<\/title>\n<meta name=\"robots\" content=\"noindex, follow, max-snippet:-1, max-image-preview:large, max-video-preview:-1\" \/>\n<meta property=\"og:locale\" content=\"de_DE\" \/>\n<meta property=\"og:type\" content=\"article\" \/>\n<meta property=\"og:title\" content=\"Allgemeine Gesch\u00e4ftsbedingungen yoga40plus.com - yoga40plus.com\" \/>\n<meta property=\"og:description\" content=\"YOGA KURSE UND YOGA RETREATS Allgemeine Gesch\u00e4ftsbedingungen von yoga40plus.com Yoga 40 Plus Ljudmila Miliza Ceh Hornstrasse 3c 8272 Ermatingen Schweiz info@testimport-yoga40plus.homepage-ladezeiten-optimieren.de +41 767 490 686 &nbsp; HANDELSREGISTEREINTRAG Eingetragener Name: Ljudmila Ceh Nummer: CHE-347.632.516 Handelsregisteramt: Kanton Thurgau, Schweiz &nbsp; Geltung der Allgemeinen Gesch\u00e4ftsbedingungen YOGA 40 PLUS (nachfolgend Yoga 40 PLUS) bietet auf yoga40plus.com und https:\/\/paths-to-yoga.mn.co Dienstleistungen [&hellip;]\" \/>\n<meta property=\"og:url\" content=\"https:\/\/testimport-yoga40plus.homepage-ladezeiten-optimieren.de\/de\/allgemeine-geschaeftsbedingungen-yoga40plus-com\/\" \/>\n<meta property=\"og:site_name\" content=\"yoga40plus.com\" \/>\n<meta property=\"article:modified_time\" content=\"2022-05-17T08:35:43+00:00\" \/>\n<meta name=\"twitter:card\" content=\"summary_large_image\" \/>\n<meta name=\"twitter:label1\" content=\"Gesch\u00e4tzte Lesezeit\" \/>\n\t<meta name=\"twitter:data1\" content=\"6\u00a0Minuten\" \/>\n<script type=\"application\/ld+json\" class=\"yoast-schema-graph\">{\"@context\":\"https:\/\/schema.org\",\"@graph\":[{\"@type\":\"WebPage\",\"@id\":\"https:\/\/testimport-yoga40plus.homepage-ladezeiten-optimieren.de\/de\/allgemeine-geschaeftsbedingungen-yoga40plus-com\/\",\"url\":\"https:\/\/testimport-yoga40plus.homepage-ladezeiten-optimieren.de\/de\/allgemeine-geschaeftsbedingungen-yoga40plus-com\/\",\"name\":\"Allgemeine Gesch\u00e4ftsbedingungen yoga40plus.com - yoga40plus.com\",\"isPartOf\":{\"@id\":\"https:\/\/testimport-yoga40plus.homepage-ladezeiten-optimieren.de\/#website\"},\"datePublished\":\"2022-05-17T08:08:08+00:00\",\"dateModified\":\"2022-05-17T08:35:43+00:00\",\"breadcrumb\":{\"@id\":\"https:\/\/testimport-yoga40plus.homepage-ladezeiten-optimieren.de\/de\/allgemeine-geschaeftsbedingungen-yoga40plus-com\/#breadcrumb\"},\"inLanguage\":\"de\",\"potentialAction\":[{\"@type\":\"ReadAction\",\"target\":[\"https:\/\/testimport-yoga40plus.homepage-ladezeiten-optimieren.de\/de\/allgemeine-geschaeftsbedingungen-yoga40plus-com\/\"]}]},{\"@type\":\"BreadcrumbList\",\"@id\":\"https:\/\/testimport-yoga40plus.homepage-ladezeiten-optimieren.de\/de\/allgemeine-geschaeftsbedingungen-yoga40plus-com\/#breadcrumb\",\"itemListElement\":[{\"@type\":\"ListItem\",\"position\":1,\"name\":\"Home\",\"item\":\"https:\/\/testimport-yoga40plus.homepage-ladezeiten-optimieren.de\/de\/\"},{\"@type\":\"ListItem\",\"position\":2,\"name\":\"Allgemeine Gesch\u00e4ftsbedingungen yoga40plus.com\"}]},{\"@type\":\"WebSite\",\"@id\":\"https:\/\/testimport-yoga40plus.homepage-ladezeiten-optimieren.de\/#website\",\"url\":\"https:\/\/testimport-yoga40plus.homepage-ladezeiten-optimieren.de\/\",\"name\":\"yoga40plus.com\",\"description\":\"Yoga for ladies over 40\",\"potentialAction\":[{\"@type\":\"SearchAction\",\"target\":{\"@type\":\"EntryPoint\",\"urlTemplate\":\"https:\/\/testimport-yoga40plus.homepage-ladezeiten-optimieren.de\/?s={search_term_string}\"},\"query-input\":\"required name=search_term_string\"}],\"inLanguage\":\"de\"}]}<\/script>\n<!-- \/ Yoast SEO plugin. -->","yoast_head_json":{"title":"Allgemeine Gesch\u00e4ftsbedingungen yoga40plus.com - yoga40plus.com","robots":{"index":"noindex","follow":"follow","max-snippet":"max-snippet:-1","max-image-preview":"max-image-preview:large","max-video-preview":"max-video-preview:-1"},"og_locale":"de_DE","og_type":"article","og_title":"Allgemeine Gesch\u00e4ftsbedingungen yoga40plus.com - yoga40plus.com","og_description":"YOGA KURSE UND YOGA RETREATS Allgemeine Gesch\u00e4ftsbedingungen von yoga40plus.com Yoga 40 Plus Ljudmila Miliza Ceh Hornstrasse 3c 8272 Ermatingen Schweiz info@testimport-yoga40plus.homepage-ladezeiten-optimieren.de +41 767 490 686 &nbsp; HANDELSREGISTEREINTRAG Eingetragener Name: Ljudmila Ceh Nummer: CHE-347.632.516 Handelsregisteramt: Kanton Thurgau, Schweiz &nbsp; Geltung der Allgemeinen Gesch\u00e4ftsbedingungen YOGA 40 PLUS (nachfolgend Yoga 40 PLUS) bietet auf yoga40plus.com und https:\/\/paths-to-yoga.mn.co Dienstleistungen [&hellip;]","og_url":"https:\/\/testimport-yoga40plus.homepage-ladezeiten-optimieren.de\/de\/allgemeine-geschaeftsbedingungen-yoga40plus-com\/","og_site_name":"yoga40plus.com","article_modified_time":"2022-05-17T08:35:43+00:00","twitter_card":"summary_large_image","twitter_misc":{"Gesch\u00e4tzte Lesezeit":"6\u00a0Minuten"},"schema":{"@context":"https:\/\/schema.org","@graph":[{"@type":"WebPage","@id":"https:\/\/testimport-yoga40plus.homepage-ladezeiten-optimieren.de\/de\/allgemeine-geschaeftsbedingungen-yoga40plus-com\/","url":"https:\/\/testimport-yoga40plus.homepage-ladezeiten-optimieren.de\/de\/allgemeine-geschaeftsbedingungen-yoga40plus-com\/","name":"Allgemeine Gesch\u00e4ftsbedingungen yoga40plus.com - yoga40plus.com","isPartOf":{"@id":"https:\/\/testimport-yoga40plus.homepage-ladezeiten-optimieren.de\/#website"},"datePublished":"2022-05-17T08:08:08+00:00","dateModified":"2022-05-17T08:35:43+00:00","breadcrumb":{"@id":"https:\/\/testimport-yoga40plus.homepage-ladezeiten-optimieren.de\/de\/allgemeine-geschaeftsbedingungen-yoga40plus-com\/#breadcrumb"},"inLanguage":"de","potentialAction":[{"@type":"ReadAction","target":["https:\/\/testimport-yoga40plus.homepage-ladezeiten-optimieren.de\/de\/allgemeine-geschaeftsbedingungen-yoga40plus-com\/"]}]},{"@type":"BreadcrumbList","@id":"https:\/\/testimport-yoga40plus.homepage-ladezeiten-optimieren.de\/de\/allgemeine-geschaeftsbedingungen-yoga40plus-com\/#breadcrumb","itemListElement":[{"@type":"ListItem","position":1,"name":"Home","item":"https:\/\/testimport-yoga40plus.homepage-ladezeiten-optimieren.de\/de\/"},{"@type":"ListItem","position":2,"name":"Allgemeine Gesch\u00e4ftsbedingungen yoga40plus.com"}]},{"@type":"WebSite","@id":"https:\/\/testimport-yoga40plus.homepage-ladezeiten-optimieren.de\/#website","url":"https:\/\/testimport-yoga40plus.homepage-ladezeiten-optimieren.de\/","name":"yoga40plus.com","description":"Yoga for ladies over 40","potentialAction":[{"@type":"SearchAction","target":{"@type":"EntryPoint","urlTemplate":"https:\/\/testimport-yoga40plus.homepage-ladezeiten-optimieren.de\/?s={search_term_string}"},"query-input":"required name=search_term_string"}],"inLanguage":"de"}]}},"_links":{"self":[{"href":"https:\/\/testimport-yoga40plus.homepage-ladezeiten-optimieren.de\/de\/wp-json\/wp\/v2\/pages\/70042"}],"collection":[{"href":"https:\/\/testimport-yoga40plus.homepage-ladezeiten-optimieren.de\/de\/wp-json\/wp\/v2\/pages"}],"about":[{"href":"https:\/\/testimport-yoga40plus.homepage-ladezeiten-optimieren.de\/de\/wp-json\/wp\/v2\/types\/page"}],"author":[{"embeddable":true,"href":"https:\/\/testimport-yoga40plus.homepage-ladezeiten-optimieren.de\/de\/wp-json\/wp\/v2\/users\/84"}],"replies":[{"embeddable":true,"href":"https:\/\/testimport-yoga40plus.homepage-ladezeiten-optimieren.de\/de\/wp-json\/wp\/v2\/comments?post=70042"}],"version-history":[{"count":4,"href":"https:\/\/testimport-yoga40plus.homepage-ladezeiten-optimieren.de\/de\/wp-json\/wp\/v2\/pages\/70042\/revisions"}],"predecessor-version":[{"id":70048,"href":"https:\/\/testimport-yoga40plus.homepage-ladezeiten-optimieren.de\/de\/wp-json\/wp\/v2\/pages\/70042\/revisions\/70048"}],"wp:attachment":[{"href":"https:\/\/testimport-yoga40plus.homepage-ladezeiten-optimieren.de\/de\/wp-json\/wp\/v2\/media?parent=70042"}],"curies":[{"name":"wp","href":"https:\/\/api.w.org\/{rel}","templated":true}]}}