{"id":69739,"date":"2022-05-12T09:13:32","date_gmt":"2022-05-12T08:13:32","guid":{"rendered":"https:\/\/testimport-yoga40plus.homepage-ladezeiten-optimieren.de\/?page_id=69739"},"modified":"2022-05-13T17:40:55","modified_gmt":"2022-05-13T16:40:55","slug":"impressum-und-haftungsausschluss-von-yoga40plus-com","status":"publish","type":"page","link":"https:\/\/testimport-yoga40plus.homepage-ladezeiten-optimieren.de\/de\/impressum-und-haftungsausschluss-von-yoga40plus-com\/","title":{"rendered":"Impressum und Haftungsausschluss von yoga40plus.com"},"content":{"rendered":"<p>[et_pb_section fb_built=&#8220;1&#8243; admin_label=&#8220;section&#8220; _builder_version=&#8220;4.16&#8243; global_colors_info=&#8220;{}&#8220;][et_pb_row admin_label=&#8220;row&#8220; _builder_version=&#8220;4.16&#8243; background_size=&#8220;initial&#8220; background_position=&#8220;top_left&#8220; background_repeat=&#8220;repeat&#8220; global_colors_info=&#8220;{}&#8220;][et_pb_column type=&#8220;4_4&#8243; _builder_version=&#8220;4.16&#8243; custom_padding=&#8220;|||&#8220; global_colors_info=&#8220;{}&#8220; custom_padding__hover=&#8220;|||&#8220;][et_pb_text _builder_version=&#8220;4.17.3&#8243; _module_preset=&#8220;default&#8220; hover_enabled=&#8220;0&#8243; global_colors_info=&#8220;{}&#8220; sticky_enabled=&#8220;0&#8243;]<\/p>\n<h1>Impressum und Haftungsausschluss von yoga40plus.com<\/h1>\n<p>&nbsp;<\/p>\n<h2>Kontaktadresse<\/h2>\n<p>Paths to Yoga<br \/>Hornstrasse 3c<br \/>8272 Ermatingen<br \/>Schweiz<br \/>info@testimport-yoga40plus.homepage-ladezeiten-optimieren.de<br \/>+41 767 490 686<\/p>\n<p>HANDELSREGISTEREINTRAG<\/p>\n<p>Eingetragener Name: Ljudmila Ceh<br \/>Nummer: CHE-347.632.516<br \/>Handelsregisteramt: Kanton Thurgau<\/p>\n<h2>Vertretungsberechtigte Personen<\/h2>\n<p>Ljudmila Miliza Ceh, zertifizierte Yoga-Lehrerin<\/p>\n<p>&nbsp;<\/p>\n<h2>Haftungsausschluss<\/h2>\n<p>Der Autor \u00fcbernimmt keinerlei Gew\u00e4hr hinsichtlich der inhaltlichen Richtigkeit, Genauigkeit, Aktualit\u00e4t, Zuverl\u00e4ssigkeit und Vollst\u00e4ndigkeit der Informationen. Haftungsanspr\u00fcche gegen den Autor wegen Sch\u00e4den materieller oder immaterieller Art, welche aus dem Zugriff oder der Nutzung bzw. Nichtnutzung der ver\u00f6ffentlichten Informationen, durch Missbrauch der Verbindung oder durch technische St\u00f6rungen entstanden sind, werden ausgeschlossen. Alle Angebote sind unverbindlich. Der Autor beh\u00e4lt es sich ausdr\u00fccklich vor, Teile der Seiten oder das gesamte Angebot ohne gesonderte Ank\u00fcndigung zu ver\u00e4ndern, zu erg\u00e4nzen, zu l\u00f6schen oder die Ver\u00f6ffentlichung zeitweise oder endg\u00fcltig einzustellen.<\/p>\n<h2>Haftung f\u00fcr Links<\/h2>\n<p>Verweise und Links auf Webseiten Dritter liegen ausserhalb unseres Verantwortungsbereichs Es wird jegliche Verantwortung f\u00fcr solche Webseiten abgelehnt. Der Zugriff und die Nutzung solcher Webseiten erfolgen auf eigene Gefahr des Nutzers oder der Nutzerin.<\/p>\n<h2>Urheberrechte<\/h2>\n<p>Die Urheber- und alle anderen Rechte an Inhalten, Bildern, Fotos oder anderen Dateien auf der Website geh\u00f6ren ausschliesslich der Firma Spirit Kids oder den speziell genannten Rechtsinhabern. F\u00fcr die Reproduktion jeglicher Elemente ist die schriftliche Zustimmung der Urheberrechtstr\u00e4ger im Voraus einzuholen.<\/p>\n<p>[\/et_pb_text][\/et_pb_column][\/et_pb_row][\/et_pb_section]<\/p>\n","protected":false},"excerpt":{"rendered":"<p>Impressum und Haftungsausschluss von yoga40plus.com &nbsp; Kontaktadresse Paths to YogaHornstrasse 3c8272 ErmatingenSchweizinfo@testimport-yoga40plus.homepage-ladezeiten-optimieren.de+41 767 490 686 HANDELSREGISTEREINTRAG Eingetragener Name: Ljudmila CehNummer: CHE-347.632.516Handelsregisteramt: Kanton Thurgau Vertretungsberechtigte Personen Ljudmila Miliza Ceh, zertifizierte Yoga-Lehrerin &nbsp; Haftungsausschluss Der Autor \u00fcbernimmt keinerlei Gew\u00e4hr hinsichtlich der inhaltlichen Richtigkeit, Genauigkeit, Aktualit\u00e4t, Zuverl\u00e4ssigkeit und Vollst\u00e4ndigkeit der Informationen. Haftungsanspr\u00fcche gegen den Autor wegen Sch\u00e4den materieller [&hellip;]<\/p>\n","protected":false},"author":84,"featured_media":0,"parent":0,"menu_order":0,"comment_status":"closed","ping_status":"closed","template":"page-template-fullwidth.php","meta":{"_et_pb_use_builder":"on","_et_pb_old_content":"","_et_gb_content_width":""},"yoast_head":"<!-- This site is optimized with the Yoast SEO plugin v19.14 - https:\/\/yoast.com\/wordpress\/plugins\/seo\/ -->\n<title>Impressum und Haftungsausschluss von yoga40plus.com - yoga40plus.com<\/title>\n<meta name=\"robots\" content=\"noindex, follow, max-snippet:-1, max-image-preview:large, max-video-preview:-1\" \/>\n<meta property=\"og:locale\" content=\"de_DE\" \/>\n<meta property=\"og:type\" content=\"article\" \/>\n<meta property=\"og:title\" content=\"Impressum und Haftungsausschluss von yoga40plus.com - yoga40plus.com\" \/>\n<meta property=\"og:description\" content=\"Impressum und Haftungsausschluss von yoga40plus.com &nbsp; Kontaktadresse Paths to YogaHornstrasse 3c8272 ErmatingenSchweizinfo@testimport-yoga40plus.homepage-ladezeiten-optimieren.de+41 767 490 686 HANDELSREGISTEREINTRAG Eingetragener Name: Ljudmila CehNummer: CHE-347.632.516Handelsregisteramt: Kanton Thurgau Vertretungsberechtigte Personen Ljudmila Miliza Ceh, zertifizierte Yoga-Lehrerin &nbsp; Haftungsausschluss Der Autor \u00fcbernimmt keinerlei Gew\u00e4hr hinsichtlich der inhaltlichen Richtigkeit, Genauigkeit, Aktualit\u00e4t, Zuverl\u00e4ssigkeit und Vollst\u00e4ndigkeit der Informationen. Haftungsanspr\u00fcche gegen den Autor wegen Sch\u00e4den materieller [&hellip;]\" \/>\n<meta property=\"og:url\" content=\"https:\/\/testimport-yoga40plus.homepage-ladezeiten-optimieren.de\/de\/impressum-und-haftungsausschluss-von-yoga40plus-com\/\" \/>\n<meta property=\"og:site_name\" content=\"yoga40plus.com\" \/>\n<meta property=\"article:modified_time\" content=\"2022-05-13T16:40:55+00:00\" \/>\n<meta name=\"twitter:card\" content=\"summary_large_image\" \/>\n<meta name=\"twitter:label1\" content=\"Gesch\u00e4tzte Lesezeit\" \/>\n\t<meta name=\"twitter:data1\" content=\"1\u00a0Minute\" \/>\n<script type=\"application\/ld+json\" class=\"yoast-schema-graph\">{\"@context\":\"https:\/\/schema.org\",\"@graph\":[{\"@type\":\"WebPage\",\"@id\":\"https:\/\/testimport-yoga40plus.homepage-ladezeiten-optimieren.de\/de\/impressum-und-haftungsausschluss-von-yoga40plus-com\/\",\"url\":\"https:\/\/testimport-yoga40plus.homepage-ladezeiten-optimieren.de\/de\/impressum-und-haftungsausschluss-von-yoga40plus-com\/\",\"name\":\"Impressum und Haftungsausschluss von yoga40plus.com - yoga40plus.com\",\"isPartOf\":{\"@id\":\"https:\/\/testimport-yoga40plus.homepage-ladezeiten-optimieren.de\/#website\"},\"datePublished\":\"2022-05-12T08:13:32+00:00\",\"dateModified\":\"2022-05-13T16:40:55+00:00\",\"breadcrumb\":{\"@id\":\"https:\/\/testimport-yoga40plus.homepage-ladezeiten-optimieren.de\/de\/impressum-und-haftungsausschluss-von-yoga40plus-com\/#breadcrumb\"},\"inLanguage\":\"de\",\"potentialAction\":[{\"@type\":\"ReadAction\",\"target\":[\"https:\/\/testimport-yoga40plus.homepage-ladezeiten-optimieren.de\/de\/impressum-und-haftungsausschluss-von-yoga40plus-com\/\"]}]},{\"@type\":\"BreadcrumbList\",\"@id\":\"https:\/\/testimport-yoga40plus.homepage-ladezeiten-optimieren.de\/de\/impressum-und-haftungsausschluss-von-yoga40plus-com\/#breadcrumb\",\"itemListElement\":[{\"@type\":\"ListItem\",\"position\":1,\"name\":\"Home\",\"item\":\"https:\/\/testimport-yoga40plus.homepage-ladezeiten-optimieren.de\/de\/\"},{\"@type\":\"ListItem\",\"position\":2,\"name\":\"Impressum und Haftungsausschluss von yoga40plus.com\"}]},{\"@type\":\"WebSite\",\"@id\":\"https:\/\/testimport-yoga40plus.homepage-ladezeiten-optimieren.de\/#website\",\"url\":\"https:\/\/testimport-yoga40plus.homepage-ladezeiten-optimieren.de\/\",\"name\":\"yoga40plus.com\",\"description\":\"Yoga for ladies over 40\",\"potentialAction\":[{\"@type\":\"SearchAction\",\"target\":{\"@type\":\"EntryPoint\",\"urlTemplate\":\"https:\/\/testimport-yoga40plus.homepage-ladezeiten-optimieren.de\/?s={search_term_string}\"},\"query-input\":\"required name=search_term_string\"}],\"inLanguage\":\"de\"}]}<\/script>\n<!-- \/ Yoast SEO plugin. -->","yoast_head_json":{"title":"Impressum und Haftungsausschluss von yoga40plus.com - yoga40plus.com","robots":{"index":"noindex","follow":"follow","max-snippet":"max-snippet:-1","max-image-preview":"max-image-preview:large","max-video-preview":"max-video-preview:-1"},"og_locale":"de_DE","og_type":"article","og_title":"Impressum und Haftungsausschluss von yoga40plus.com - yoga40plus.com","og_description":"Impressum und Haftungsausschluss von yoga40plus.com &nbsp; Kontaktadresse Paths to YogaHornstrasse 3c8272 ErmatingenSchweizinfo@testimport-yoga40plus.homepage-ladezeiten-optimieren.de+41 767 490 686 HANDELSREGISTEREINTRAG Eingetragener Name: Ljudmila CehNummer: CHE-347.632.516Handelsregisteramt: Kanton Thurgau Vertretungsberechtigte Personen Ljudmila Miliza Ceh, zertifizierte Yoga-Lehrerin &nbsp; Haftungsausschluss Der Autor \u00fcbernimmt keinerlei Gew\u00e4hr hinsichtlich der inhaltlichen Richtigkeit, Genauigkeit, Aktualit\u00e4t, Zuverl\u00e4ssigkeit und Vollst\u00e4ndigkeit der Informationen. Haftungsanspr\u00fcche gegen den Autor wegen Sch\u00e4den materieller [&hellip;]","og_url":"https:\/\/testimport-yoga40plus.homepage-ladezeiten-optimieren.de\/de\/impressum-und-haftungsausschluss-von-yoga40plus-com\/","og_site_name":"yoga40plus.com","article_modified_time":"2022-05-13T16:40:55+00:00","twitter_card":"summary_large_image","twitter_misc":{"Gesch\u00e4tzte Lesezeit":"1\u00a0Minute"},"schema":{"@context":"https:\/\/schema.org","@graph":[{"@type":"WebPage","@id":"https:\/\/testimport-yoga40plus.homepage-ladezeiten-optimieren.de\/de\/impressum-und-haftungsausschluss-von-yoga40plus-com\/","url":"https:\/\/testimport-yoga40plus.homepage-ladezeiten-optimieren.de\/de\/impressum-und-haftungsausschluss-von-yoga40plus-com\/","name":"Impressum und Haftungsausschluss von yoga40plus.com - yoga40plus.com","isPartOf":{"@id":"https:\/\/testimport-yoga40plus.homepage-ladezeiten-optimieren.de\/#website"},"datePublished":"2022-05-12T08:13:32+00:00","dateModified":"2022-05-13T16:40:55+00:00","breadcrumb":{"@id":"https:\/\/testimport-yoga40plus.homepage-ladezeiten-optimieren.de\/de\/impressum-und-haftungsausschluss-von-yoga40plus-com\/#breadcrumb"},"inLanguage":"de","potentialAction":[{"@type":"ReadAction","target":["https:\/\/testimport-yoga40plus.homepage-ladezeiten-optimieren.de\/de\/impressum-und-haftungsausschluss-von-yoga40plus-com\/"]}]},{"@type":"BreadcrumbList","@id":"https:\/\/testimport-yoga40plus.homepage-ladezeiten-optimieren.de\/de\/impressum-und-haftungsausschluss-von-yoga40plus-com\/#breadcrumb","itemListElement":[{"@type":"ListItem","position":1,"name":"Home","item":"https:\/\/testimport-yoga40plus.homepage-ladezeiten-optimieren.de\/de\/"},{"@type":"ListItem","position":2,"name":"Impressum und Haftungsausschluss von yoga40plus.com"}]},{"@type":"WebSite","@id":"https:\/\/testimport-yoga40plus.homepage-ladezeiten-optimieren.de\/#website","url":"https:\/\/testimport-yoga40plus.homepage-ladezeiten-optimieren.de\/","name":"yoga40plus.com","description":"Yoga for ladies over 40","potentialAction":[{"@type":"SearchAction","target":{"@type":"EntryPoint","urlTemplate":"https:\/\/testimport-yoga40plus.homepage-ladezeiten-optimieren.de\/?s={search_term_string}"},"query-input":"required name=search_term_string"}],"inLanguage":"de"}]}},"_links":{"self":[{"href":"https:\/\/testimport-yoga40plus.homepage-ladezeiten-optimieren.de\/de\/wp-json\/wp\/v2\/pages\/69739"}],"collection":[{"href":"https:\/\/testimport-yoga40plus.homepage-ladezeiten-optimieren.de\/de\/wp-json\/wp\/v2\/pages"}],"about":[{"href":"https:\/\/testimport-yoga40plus.homepage-ladezeiten-optimieren.de\/de\/wp-json\/wp\/v2\/types\/page"}],"author":[{"embeddable":true,"href":"https:\/\/testimport-yoga40plus.homepage-ladezeiten-optimieren.de\/de\/wp-json\/wp\/v2\/users\/84"}],"replies":[{"embeddable":true,"href":"https:\/\/testimport-yoga40plus.homepage-ladezeiten-optimieren.de\/de\/wp-json\/wp\/v2\/comments?post=69739"}],"version-history":[{"count":5,"href":"https:\/\/testimport-yoga40plus.homepage-ladezeiten-optimieren.de\/de\/wp-json\/wp\/v2\/pages\/69739\/revisions"}],"predecessor-version":[{"id":69954,"href":"https:\/\/testimport-yoga40plus.homepage-ladezeiten-optimieren.de\/de\/wp-json\/wp\/v2\/pages\/69739\/revisions\/69954"}],"wp:attachment":[{"href":"https:\/\/testimport-yoga40plus.homepage-ladezeiten-optimieren.de\/de\/wp-json\/wp\/v2\/media?parent=69739"}],"curies":[{"name":"wp","href":"https:\/\/api.w.org\/{rel}","templated":true}]}}