{"id":63983,"date":"2021-04-25T22:09:47","date_gmt":"2021-04-25T21:09:47","guid":{"rendered":"http:\/\/pathstoy.wwwnl1-ts6.a2hosted.com\/vergangene-yoga-retreats\/"},"modified":"2022-07-05T21:43:37","modified_gmt":"2022-07-05T20:43:37","slug":"vergangene-yoga-retreats","status":"publish","type":"page","link":"https:\/\/testimport-yoga40plus.homepage-ladezeiten-optimieren.de\/de\/vergangene-yoga-retreats\/","title":{"rendered":"Vergangene Yoga-Retreats"},"content":{"rendered":"<p>[et_pb_section fb_built=&#8220;1&#8243; _builder_version=&#8220;4.16&#8243; _module_preset=&#8220;default&#8220; global_colors_info=&#8220;{}&#8220;][et_pb_row _builder_version=&#8220;4.16&#8243; _module_preset=&#8220;default&#8220; global_colors_info=&#8220;{}&#8220;][et_pb_column type=&#8220;4_4&#8243; _builder_version=&#8220;4.16&#8243; _module_preset=&#8220;default&#8220; global_colors_info=&#8220;{}&#8220;][et_pb_text _builder_version=&#8220;4.16&#8243; _module_preset=&#8220;default&#8220; text_font=&#8220;Open Sans||||||||&#8220; text_text_color=&#8220;#00647a&#8220; text_font_size=&#8220;23px&#8220; text_line_height=&#8220;1.8em&#8220; header_text_color=&#8220;#00647a&#8220; header_2_font=&#8220;Antic|700|||||||&#8220; header_2_text_color=&#8220;#00647a&#8220; header_2_font_size=&#8220;34px&#8220; header_3_font=&#8220;|700|||||||&#8220; header_3_text_color=&#8220;#00647a&#8220; header_3_font_size=&#8220;48px&#8220; custom_margin=&#8220;|||10px|false|false&#8220; global_colors_info=&#8220;{}&#8220;]<\/p>\n<p>Wir bieten Yoga-Retreats oder Yoga-Ferien an idyllischen Orten mit Yoga-Kursen, aber auch Entdeckung der lokalen Kultur und Natur, Meditation, leckeren Mahlzeiten und viel Spa\u00df!<\/p>\n<p>[\/et_pb_text][\/et_pb_column][\/et_pb_row][\/et_pb_section][et_pb_section fb_built=&#8220;1&#8243; _builder_version=&#8220;4.16&#8243; background_color=&#8220;rgba(255,219,204,0.32)&#8220; background_enable_image=&#8220;off&#8220; parallax=&#8220;on&#8220; min_height=&#8220;389px&#8220; custom_margin=&#8220;||-1px|||&#8220; custom_padding=&#8220;0px|0px|0px|0px|false|false&#8220; locked=&#8220;off&#8220; global_colors_info=&#8220;{}&#8220;][et_pb_row column_structure=&#8220;1_2,1_2&#8243; _builder_version=&#8220;4.16&#8243; background_color=&#8220;rgba(0,0,0,0)&#8220; animation_style=&#8220;fade&#8220; link_option_url=&#8220;https:\/\/testimport-yoga40plus.homepage-ladezeiten-optimieren.de\/retreat-chiang-mai-january-2020\/&#8220; global_colors_info=&#8220;{}&#8220;][et_pb_column type=&#8220;1_2&#8243; _builder_version=&#8220;4.16&#8243; global_colors_info=&#8220;{}&#8220;][et_pb_text _builder_version=&#8220;4.16&#8243; text_font=&#8220;Open Sans||||||||&#8220; text_text_color=&#8220;#00647a&#8220; text_font_size=&#8220;23px&#8220; text_line_height=&#8220;1.8em&#8220; header_text_color=&#8220;#00647a&#8220; header_2_font=&#8220;Antic|700|||||||&#8220; header_2_text_color=&#8220;#00647a&#8220; header_2_font_size=&#8220;34px&#8220; header_3_font=&#8220;|700|||||||&#8220; header_3_text_color=&#8220;#00647a&#8220; header_3_font_size=&#8220;48px&#8220; custom_margin=&#8220;|||10px|false|false&#8220; link_option_url=&#8220;https:\/\/testimport-yoga40plus.homepage-ladezeiten-optimieren.de\/de\/retreat-chiang-mai-january-2020\/&#8220; global_colors_info=&#8220;{}&#8220;]<\/p>\n<h2>Yoga Retreat Fuerteventura 2021<\/h2>\n<p>Yoga, Vulkane, Strand, achtsame Spazierg\u00e4nge, Meditation, Picknick bei Sonnenuntergang und atemberaubende Landschaften.<\/p>\n<p>[\/et_pb_text][et_pb_button button_url=&#8220;\/de\/yoga-retreat-fuer-anfaenger-und-fortgeschrittene-jeden-alters\/&#8220; button_text=&#8220;Erinnerungen &#038; Rezensionen&#8220; _builder_version=&#8220;4.17.4&#8243; custom_button=&#8220;on&#8220; button_text_size=&#8220;24px&#8220; button_text_color=&#8220;#ffffff&#8220; button_bg_color=&#8220;#9b000e&#8220; button_border_width=&#8220;0px&#8220; button_font=&#8220;|600|||||||&#8220; button_on_hover=&#8220;off&#8220; custom_margin=&#8220;|||10px|false|false&#8220; hover_enabled=&#8220;0&#8243; box_shadow_style=&#8220;preset3&#8243; global_colors_info=&#8220;{}&#8220; sticky_enabled=&#8220;0&#8243;][\/et_pb_button][\/et_pb_column][et_pb_column type=&#8220;1_2&#8243; _builder_version=&#8220;4.16&#8243; global_colors_info=&#8220;{}&#8220;][et_pb_image src=&#8220;https:\/\/testimport-yoga40plus.homepage-ladezeiten-optimieren.de\/wp-content\/uploads\/2021\/04\/yoga-retreat-on-Fuerteventura-April-2021.jpeg&#8220; alt=&#8220;Yoga Retreat f\u00fcr Anf\u00e4nger&#8220; title_text=&#8220;Yoga-Urlaub auf Fuerteventura April 2021&#8243; url=&#8220;https:\/\/testimport-yoga40plus.homepage-ladezeiten-optimieren.de\/yoga-retreat-for-beginners-and-advanced-of-any-age\/&#8220; _builder_version=&#8220;4.16&#8243; global_colors_info=&#8220;{}&#8220;][\/et_pb_image][\/et_pb_column][\/et_pb_row][\/et_pb_section][et_pb_section fb_built=&#8220;1&#8243; _builder_version=&#8220;4.16&#8243; background_color=&#8220;rgba(255,219,204,0.32)&#8220; background_enable_image=&#8220;off&#8220; parallax=&#8220;on&#8220; min_height=&#8220;389px&#8220; custom_margin=&#8220;||-1px|||&#8220; custom_padding=&#8220;0px|0px|0px|0px|false|false&#8220; locked=&#8220;off&#8220; global_colors_info=&#8220;{}&#8220;][et_pb_row column_structure=&#8220;1_2,1_2&#8243; _builder_version=&#8220;4.16&#8243; background_color=&#8220;rgba(0,0,0,0)&#8220; animation_style=&#8220;fade&#8220; link_option_url=&#8220;https:\/\/testimport-yoga40plus.homepage-ladezeiten-optimieren.de\/retreat-chiang-mai-january-2020\/&#8220; global_colors_info=&#8220;{}&#8220;][et_pb_column type=&#8220;1_2&#8243; _builder_version=&#8220;4.16&#8243; global_colors_info=&#8220;{}&#8220;][et_pb_text _builder_version=&#8220;4.16&#8243; text_font=&#8220;Open Sans||||||||&#8220; text_text_color=&#8220;#00647a&#8220; text_font_size=&#8220;23px&#8220; text_line_height=&#8220;1.8em&#8220; header_text_color=&#8220;#00647a&#8220; header_2_font=&#8220;Antic|700|||||||&#8220; header_2_text_color=&#8220;#00647a&#8220; header_2_font_size=&#8220;34px&#8220; header_3_font=&#8220;|700|||||||&#8220; header_3_text_color=&#8220;#00647a&#8220; header_3_font_size=&#8220;48px&#8220; custom_margin=&#8220;|||10px|false|false&#8220; link_option_url=&#8220;https:\/\/testimport-yoga40plus.homepage-ladezeiten-optimieren.de\/de\/retreat-chiang-mai-january-2020\/&#8220; global_colors_info=&#8220;{}&#8220;]<\/p>\n<h2>Yoga Retreat Thailand 2020<\/h2>\n<p>Yoga f\u00fcr jedes Alter und Niveau, Meditation und Entdeckung der lokalen kulturellen und spirituellen Leben, im idyllischen Chiang Mai, Thailand.<\/p>\n<p>[\/et_pb_text][et_pb_button button_url=&#8220;\/de\/retreat-chiang-mai-january-2020\/&#8220; button_text=&#8220;Erinnerungen &#038; Rezensionen&#8220; _builder_version=&#8220;4.16&#8243; custom_button=&#8220;on&#8220; button_text_size=&#8220;24px&#8220; button_text_color=&#8220;#ffffff&#8220; button_bg_color=&#8220;#9b000e&#8220; button_border_width=&#8220;0px&#8220; button_font=&#8220;|600|||||||&#8220; button_on_hover=&#8220;off&#8220; custom_margin=&#8220;|||10px|false|false&#8220; hover_enabled=&#8220;0&#8243; box_shadow_style=&#8220;preset3&#8243; global_colors_info=&#8220;{}&#8220; sticky_enabled=&#8220;0&#8243;][\/et_pb_button][\/et_pb_column][et_pb_column type=&#8220;1_2&#8243; _builder_version=&#8220;4.16&#8243; global_colors_info=&#8220;{}&#8220;][et_pb_image src=&#8220;https:\/\/testimport-yoga40plus.homepage-ladezeiten-optimieren.de\/wp-content\/uploads\/2020\/01\/IMG_1760.jpg&#8220; _builder_version=&#8220;4.16&#8243; global_colors_info=&#8220;{}&#8220;][\/et_pb_image][\/et_pb_column][\/et_pb_row][\/et_pb_section]<\/p>\n","protected":false},"excerpt":{"rendered":"<p>Wir bieten Yoga-Retreats oder Yoga-Ferien an idyllischen Orten mit Yoga-Kursen, aber auch Entdeckung der lokalen Kultur und Natur, Meditation, leckeren Mahlzeiten und viel Spa\u00df!Yoga Retreat Fuerteventura 2021 Yoga, Vulkane, Strand, achtsame Spazierg\u00e4nge, Meditation, Picknick bei Sonnenuntergang und atemberaubende Landschaften.Yoga Retreat Thailand 2020 Yoga f\u00fcr jedes Alter und Niveau, Meditation und Entdeckung der lokalen kulturellen und [&hellip;]<\/p>\n","protected":false},"author":1,"featured_media":63625,"parent":0,"menu_order":0,"comment_status":"closed","ping_status":"closed","template":"","meta":{"_et_pb_use_builder":"on","_et_pb_old_content":"","_et_gb_content_width":""},"yoast_head":"<!-- This site is optimized with the Yoast SEO plugin v19.14 - https:\/\/yoast.com\/wordpress\/plugins\/seo\/ -->\n<title>Vergangene Yoga-Retreats - yoga40plus.com<\/title>\n<meta name=\"description\" content=\"Yoga-Retreats durchgef\u00fchrt in Thailand, Kanarische Inseln (Fuerteventura) und Slowenien, f\u00fcr Anf\u00e4nger und Fortgeschrittene\" \/>\n<meta name=\"robots\" content=\"noindex, follow, max-snippet:-1, max-image-preview:large, max-video-preview:-1\" \/>\n<meta property=\"og:locale\" content=\"de_DE\" \/>\n<meta property=\"og:type\" content=\"article\" \/>\n<meta property=\"og:title\" content=\"Vergangene Yoga-Retreats - yoga40plus.com\" \/>\n<meta property=\"og:description\" content=\"Yoga-Retreats durchgef\u00fchrt in Thailand, Kanarische Inseln (Fuerteventura) und Slowenien, f\u00fcr Anf\u00e4nger und Fortgeschrittene\" \/>\n<meta property=\"og:url\" content=\"https:\/\/testimport-yoga40plus.homepage-ladezeiten-optimieren.de\/de\/vergangene-yoga-retreats\/\" \/>\n<meta property=\"og:site_name\" content=\"yoga40plus.com\" \/>\n<meta property=\"article:modified_time\" content=\"2022-07-05T20:43:37+00:00\" \/>\n<meta property=\"og:image\" content=\"https:\/\/testimport-yoga40plus.homepage-ladezeiten-optimieren.de\/wp-content\/uploads\/2021\/04\/yoga-retreat-on-Fuerteventura-April-2021.jpeg\" \/>\n\t<meta property=\"og:image:width\" content=\"1280\" \/>\n\t<meta property=\"og:image:height\" content=\"720\" \/>\n\t<meta property=\"og:image:type\" content=\"image\/jpeg\" \/>\n<meta name=\"twitter:card\" content=\"summary_large_image\" \/>\n<meta name=\"twitter:label1\" content=\"Gesch\u00e4tzte Lesezeit\" \/>\n\t<meta name=\"twitter:data1\" content=\"3\u00a0Minuten\" \/>\n<script type=\"application\/ld+json\" class=\"yoast-schema-graph\">{\"@context\":\"https:\/\/schema.org\",\"@graph\":[{\"@type\":\"WebPage\",\"@id\":\"https:\/\/testimport-yoga40plus.homepage-ladezeiten-optimieren.de\/de\/vergangene-yoga-retreats\/\",\"url\":\"https:\/\/testimport-yoga40plus.homepage-ladezeiten-optimieren.de\/de\/vergangene-yoga-retreats\/\",\"name\":\"Vergangene Yoga-Retreats - yoga40plus.com\",\"isPartOf\":{\"@id\":\"https:\/\/testimport-yoga40plus.homepage-ladezeiten-optimieren.de\/#website\"},\"datePublished\":\"2021-04-25T21:09:47+00:00\",\"dateModified\":\"2022-07-05T20:43:37+00:00\",\"description\":\"Yoga-Retreats durchgef\u00fchrt in Thailand, Kanarische Inseln (Fuerteventura) und Slowenien, f\u00fcr Anf\u00e4nger und Fortgeschrittene\",\"breadcrumb\":{\"@id\":\"https:\/\/testimport-yoga40plus.homepage-ladezeiten-optimieren.de\/de\/vergangene-yoga-retreats\/#breadcrumb\"},\"inLanguage\":\"de\",\"potentialAction\":[{\"@type\":\"ReadAction\",\"target\":[\"https:\/\/testimport-yoga40plus.homepage-ladezeiten-optimieren.de\/de\/vergangene-yoga-retreats\/\"]}]},{\"@type\":\"BreadcrumbList\",\"@id\":\"https:\/\/testimport-yoga40plus.homepage-ladezeiten-optimieren.de\/de\/vergangene-yoga-retreats\/#breadcrumb\",\"itemListElement\":[{\"@type\":\"ListItem\",\"position\":1,\"name\":\"Home\",\"item\":\"https:\/\/testimport-yoga40plus.homepage-ladezeiten-optimieren.de\/de\/\"},{\"@type\":\"ListItem\",\"position\":2,\"name\":\"Vergangene Yoga-Retreats\"}]},{\"@type\":\"WebSite\",\"@id\":\"https:\/\/testimport-yoga40plus.homepage-ladezeiten-optimieren.de\/#website\",\"url\":\"https:\/\/testimport-yoga40plus.homepage-ladezeiten-optimieren.de\/\",\"name\":\"yoga40plus.com\",\"description\":\"Yoga for ladies over 40\",\"potentialAction\":[{\"@type\":\"SearchAction\",\"target\":{\"@type\":\"EntryPoint\",\"urlTemplate\":\"https:\/\/testimport-yoga40plus.homepage-ladezeiten-optimieren.de\/?s={search_term_string}\"},\"query-input\":\"required name=search_term_string\"}],\"inLanguage\":\"de\"}]}<\/script>\n<!-- \/ Yoast SEO plugin. -->","yoast_head_json":{"title":"Vergangene Yoga-Retreats - yoga40plus.com","description":"Yoga-Retreats durchgef\u00fchrt in Thailand, Kanarische Inseln (Fuerteventura) und Slowenien, f\u00fcr Anf\u00e4nger und Fortgeschrittene","robots":{"index":"noindex","follow":"follow","max-snippet":"max-snippet:-1","max-image-preview":"max-image-preview:large","max-video-preview":"max-video-preview:-1"},"og_locale":"de_DE","og_type":"article","og_title":"Vergangene Yoga-Retreats - yoga40plus.com","og_description":"Yoga-Retreats durchgef\u00fchrt in Thailand, Kanarische Inseln (Fuerteventura) und Slowenien, f\u00fcr Anf\u00e4nger und Fortgeschrittene","og_url":"https:\/\/testimport-yoga40plus.homepage-ladezeiten-optimieren.de\/de\/vergangene-yoga-retreats\/","og_site_name":"yoga40plus.com","article_modified_time":"2022-07-05T20:43:37+00:00","og_image":[{"width":1280,"height":720,"url":"https:\/\/testimport-yoga40plus.homepage-ladezeiten-optimieren.de\/wp-content\/uploads\/2021\/04\/yoga-retreat-on-Fuerteventura-April-2021.jpeg","type":"image\/jpeg"}],"twitter_card":"summary_large_image","twitter_misc":{"Gesch\u00e4tzte Lesezeit":"3\u00a0Minuten"},"schema":{"@context":"https:\/\/schema.org","@graph":[{"@type":"WebPage","@id":"https:\/\/testimport-yoga40plus.homepage-ladezeiten-optimieren.de\/de\/vergangene-yoga-retreats\/","url":"https:\/\/testimport-yoga40plus.homepage-ladezeiten-optimieren.de\/de\/vergangene-yoga-retreats\/","name":"Vergangene Yoga-Retreats - yoga40plus.com","isPartOf":{"@id":"https:\/\/testimport-yoga40plus.homepage-ladezeiten-optimieren.de\/#website"},"datePublished":"2021-04-25T21:09:47+00:00","dateModified":"2022-07-05T20:43:37+00:00","description":"Yoga-Retreats durchgef\u00fchrt in Thailand, Kanarische Inseln (Fuerteventura) und Slowenien, f\u00fcr Anf\u00e4nger und Fortgeschrittene","breadcrumb":{"@id":"https:\/\/testimport-yoga40plus.homepage-ladezeiten-optimieren.de\/de\/vergangene-yoga-retreats\/#breadcrumb"},"inLanguage":"de","potentialAction":[{"@type":"ReadAction","target":["https:\/\/testimport-yoga40plus.homepage-ladezeiten-optimieren.de\/de\/vergangene-yoga-retreats\/"]}]},{"@type":"BreadcrumbList","@id":"https:\/\/testimport-yoga40plus.homepage-ladezeiten-optimieren.de\/de\/vergangene-yoga-retreats\/#breadcrumb","itemListElement":[{"@type":"ListItem","position":1,"name":"Home","item":"https:\/\/testimport-yoga40plus.homepage-ladezeiten-optimieren.de\/de\/"},{"@type":"ListItem","position":2,"name":"Vergangene Yoga-Retreats"}]},{"@type":"WebSite","@id":"https:\/\/testimport-yoga40plus.homepage-ladezeiten-optimieren.de\/#website","url":"https:\/\/testimport-yoga40plus.homepage-ladezeiten-optimieren.de\/","name":"yoga40plus.com","description":"Yoga for ladies over 40","potentialAction":[{"@type":"SearchAction","target":{"@type":"EntryPoint","urlTemplate":"https:\/\/testimport-yoga40plus.homepage-ladezeiten-optimieren.de\/?s={search_term_string}"},"query-input":"required name=search_term_string"}],"inLanguage":"de"}]}},"_links":{"self":[{"href":"https:\/\/testimport-yoga40plus.homepage-ladezeiten-optimieren.de\/de\/wp-json\/wp\/v2\/pages\/63983"}],"collection":[{"href":"https:\/\/testimport-yoga40plus.homepage-ladezeiten-optimieren.de\/de\/wp-json\/wp\/v2\/pages"}],"about":[{"href":"https:\/\/testimport-yoga40plus.homepage-ladezeiten-optimieren.de\/de\/wp-json\/wp\/v2\/types\/page"}],"author":[{"embeddable":true,"href":"https:\/\/testimport-yoga40plus.homepage-ladezeiten-optimieren.de\/de\/wp-json\/wp\/v2\/users\/1"}],"replies":[{"embeddable":true,"href":"https:\/\/testimport-yoga40plus.homepage-ladezeiten-optimieren.de\/de\/wp-json\/wp\/v2\/comments?post=63983"}],"version-history":[{"count":6,"href":"https:\/\/testimport-yoga40plus.homepage-ladezeiten-optimieren.de\/de\/wp-json\/wp\/v2\/pages\/63983\/revisions"}],"predecessor-version":[{"id":71225,"href":"https:\/\/testimport-yoga40plus.homepage-ladezeiten-optimieren.de\/de\/wp-json\/wp\/v2\/pages\/63983\/revisions\/71225"}],"wp:featuredmedia":[{"embeddable":true,"href":"https:\/\/testimport-yoga40plus.homepage-ladezeiten-optimieren.de\/de\/wp-json\/wp\/v2\/media\/63625"}],"wp:attachment":[{"href":"https:\/\/testimport-yoga40plus.homepage-ladezeiten-optimieren.de\/de\/wp-json\/wp\/v2\/media?parent=63983"}],"curies":[{"name":"wp","href":"https:\/\/api.w.org\/{rel}","templated":true}]}}